{"id":70,"date":"2011-09-21T17:35:17","date_gmt":"2011-09-21T17:35:17","guid":{"rendered":"http:\/\/fettokonomi.no\/?page_id=70"},"modified":"2011-11-24T09:10:39","modified_gmt":"2011-11-24T09:10:39","slug":"test","status":"publish","type":"page","link":"https:\/\/fettokonomi.no\/?page_id=70","title":{"rendered":"4K"},"content":{"rendered":"<p>Med en regnskapsf\u00f8rer som har h\u00f8y\u00a0<strong>kompetanse<\/strong>, fokuserer p\u00e5 \u00e5 levere tjenester av beste\u00a0<strong>kvalitet<\/strong>, og evner \u00e5\u00a0<strong>kommunisere<\/strong>\u00a0hva regnskapet formidler, har du som kunde et styringsverkt\u00f8y som du kan bruke aktivt for \u00e5 f\u00e5 god \u00f8konomisk\u00a0<strong>kontroll<\/strong>\u00a0med virksomheten.<\/p>\n<p>Oppskriften v\u00e5r er kort og greit:<\/p>\n<p><strong><a title=\"KOMPETANSE\" href=\"http:\/\/fettokonomi.no\/?page_id=123\">KOMPETANSE\u00a0<\/a>+\u00a0<a title=\"Kvalitet\" href=\"http:\/\/fettokonomi.no\/?page_id=171\">KVALITET\u00a0<\/a>+\u00a0<a title=\"Kommunikasjon\" href=\"http:\/\/fettokonomi.no\/?page_id=174\">KOMMUNIKASJON\u00a0<\/a>=\u00a0<a title=\"Kontroll\" href=\"http:\/\/fettokonomi.no\/?page_id=176\">KONTROLL<\/a><\/strong><\/p>\n","protected":false},"excerpt":{"rendered":"<p>Med en regnskapsf\u00f8rer som har h\u00f8y\u00a0kompetanse, fokuserer p\u00e5 \u00e5 levere tjenester av beste\u00a0kvalitet, og evner \u00e5\u00a0kommunisere\u00a0hva regnskapet formidler, har du som kunde et styringsverkt\u00f8y som du kan bruke aktivt for \u00e5 f\u00e5 god \u00f8konomisk\u00a0kontroll\u00a0med virksomheten. Oppskriften v\u00e5r er kort og greit: KOMPETANSE\u00a0+\u00a0KVALITET\u00a0+\u00a0KOMMUNIKASJON\u00a0=\u00a0<\/p>\n","protected":false},"author":6,"featured_media":0,"parent":0,"menu_order":0,"comment_status":"open","ping_status":"open","template":"","meta":[],"_links":{"self":[{"href":"https:\/\/fettokonomi.no\/index.php?rest_route=\/wp\/v2\/pages\/70"}],"collection":[{"href":"https:\/\/fettokonomi.no\/index.php?rest_route=\/wp\/v2\/pages"}],"about":[{"href":"https:\/\/fettokonomi.no\/index.php?rest_route=\/wp\/v2\/types\/page"}],"author":[{"embeddable":true,"href":"https:\/\/fettokonomi.no\/index.php?rest_route=\/wp\/v2\/users\/6"}],"replies":[{"embeddable":true,"href":"https:\/\/fettokonomi.no\/index.php?rest_route=%2Fwp%2Fv2%2Fcomments&post=70"}],"version-history":[{"count":13,"href":"https:\/\/fettokonomi.no\/index.php?rest_route=\/wp\/v2\/pages\/70\/revisions"}],"predecessor-version":[{"id":428,"href":"https:\/\/fettokonomi.no\/index.php?rest_route=\/wp\/v2\/pages\/70\/revisions\/428"}],"wp:attachment":[{"href":"https:\/\/fettokonomi.no\/index.php?rest_route=%2Fwp%2Fv2%2Fmedia&parent=70"}],"curies":[{"name":"wp","href":"https:\/\/api.w.org\/{rel}","templated":true}]}}