{"id":517,"date":"2021-11-29T23:02:19","date_gmt":"2021-11-29T23:02:19","guid":{"rendered":"http:\/\/fettokonomi.no\/?page_id=517"},"modified":"2025-11-12T15:22:07","modified_gmt":"2025-11-12T15:22:07","slug":"kundekontroll","status":"publish","type":"page","link":"https:\/\/fettokonomi.no\/?page_id=517","title":{"rendered":"Kundekontroll"},"content":{"rendered":"<div class=\"content\">Denne siden er beregnet for deg som skal legitimere deg overfor Fett \u00d8konomi AS.<br \/>\nFordi du har en rolle\/relasjon i en virksomhet som har et kundeforhold til oss, og i henhold til v\u00e5re autorisasjoner som regnskapsf\u00f8rerforetak, er vi p\u00e5lagt \u00e5 utf\u00f8re en kundekontroll f\u00f8r vi p\u00e5tar oss oppdrag for nye oppdragsgivere, eller ved endring i roller i eksisterende kundeforhold, iht. <a href=\"https:\/\/lovdata.no\/dokument\/LTI\/lov\/2018-06-01-23\" target=\"_blank\" rel=\"noopener\">hvitvaskingsloven<\/a>.<\/p>\n<p>Vi har valgt \u00e5 gj\u00f8re denne kontrollen elektronisk og ved bruk av BankID\/Buypass til identifikasjon. Kundekontrollen omfatter registrering og kontroll av opplysninger om foretaket, legitimering av kundens berettigede representant, registrering av reelle rettighetshavere og om representanten er en politisk eksponert person \u00abPEP\u00bb.<br \/>\n\u00c5 fylle ut skjema tar bare noen f\u00e5 minutter.<\/p>\n<p><strong>Legitimering med elektronisk ID<\/strong><br \/>\nVi anbefaler at du bruker elektronisk ID for \u00e5 legitimere deg. Velg \u00abG\u00e5 til kundekontroll\u00bb og f\u00f8lg instruksjonene. Hvis du har problemer n\u00e5r du skal signere med Bank-ID, trykk p\u00e5 \u00abF\u00e5r du ikke logget inn eller signert med BankID\u00bb i innloggingsbildet.<\/p>\n<p>Om du ikke har elektronisk ID, m\u00e5 vi motta liste over reelle rettighetshavere og gyldig legitimasjon som er bekreftet rett kopi av godkjent instans, eller f\u00e5 dette overlevert ved personlig oppm\u00f8te p\u00e5 v\u00e5rt kontor. Som gyldig legitimasjon regnes pass, f\u00f8rerkort og bankkort med bilde.<\/p>\n<p><button><a style=\"color: black; text-decoration: none;\" href=\"https:\/\/signant.no\/Forms\/Form\/start\/?c=FETT-NJAN&amp;f=FORM-Z0HD\">G\u00e5 til kundekontroll<\/a><\/button><\/p>\n<\/div>\n","protected":false},"excerpt":{"rendered":"<p>Denne siden er beregnet for deg som skal legitimere deg overfor Fett \u00d8konomi AS. Fordi du har en rolle\/relasjon i en virksomhet som har et kundeforhold til oss, og i henhold til v\u00e5re autorisasjoner som regnskapsf\u00f8rerforetak, er vi p\u00e5lagt \u00e5 utf\u00f8re en kundekontroll f\u00f8r vi p\u00e5tar oss oppdrag for nye oppdragsgivere, eller ved endring i roller i eksisterende kundeforhold, iht. hvitvaskingsloven. Vi har valgt \u00e5 gj\u00f8re denne kontrollen elektronisk og ved bruk av BankID\/Buypass til identifikasjon. Kundekontrollen omfatter registrering og kontroll av opplysninger om foretaket, [&#038;hellip<\/p>\n","protected":false},"author":6,"featured_media":0,"parent":0,"menu_order":0,"comment_status":"closed","ping_status":"closed","template":"","meta":[],"_links":{"self":[{"href":"https:\/\/fettokonomi.no\/index.php?rest_route=\/wp\/v2\/pages\/517"}],"collection":[{"href":"https:\/\/fettokonomi.no\/index.php?rest_route=\/wp\/v2\/pages"}],"about":[{"href":"https:\/\/fettokonomi.no\/index.php?rest_route=\/wp\/v2\/types\/page"}],"author":[{"embeddable":true,"href":"https:\/\/fettokonomi.no\/index.php?rest_route=\/wp\/v2\/users\/6"}],"replies":[{"embeddable":true,"href":"https:\/\/fettokonomi.no\/index.php?rest_route=%2Fwp%2Fv2%2Fcomments&post=517"}],"version-history":[{"count":5,"href":"https:\/\/fettokonomi.no\/index.php?rest_route=\/wp\/v2\/pages\/517\/revisions"}],"predecessor-version":[{"id":548,"href":"https:\/\/fettokonomi.no\/index.php?rest_route=\/wp\/v2\/pages\/517\/revisions\/548"}],"wp:attachment":[{"href":"https:\/\/fettokonomi.no\/index.php?rest_route=%2Fwp%2Fv2%2Fmedia&parent=517"}],"curies":[{"name":"wp","href":"https:\/\/api.w.org\/{rel}","templated":true}]}}