{"id":500,"date":"2019-12-10T10:55:05","date_gmt":"2019-12-10T10:55:05","guid":{"rendered":"http:\/\/fettokonomi.no\/?page_id=500"},"modified":"2024-12-16T07:57:02","modified_gmt":"2024-12-16T07:57:02","slug":"personvernerklaering","status":"publish","type":"page","link":"https:\/\/fettokonomi.no\/?page_id=500","title":{"rendered":"Personvernerkl\u00e6ring"},"content":{"rendered":"<p>Denne personvernerkl\u00e6ringen (heretter \u00aberkl\u00e6ringen\u00bb) gir deg informasjon om hvordan Fett \u00d8konomi AS samler, bruker eller deler dine personlige data i forbindelse med tjenesten som tilbys (\u00abtjeneste\u00bb) og\/eller nettsiden <a href=\"http:\/\/www.accountor.no\/\">www.Fett \u00d8konomi.no<\/a>. Vennligst les denne erkl\u00e6ringen n\u00f8ye f\u00f8r du begynner \u00e5 bruke tjenesten eller bes\u00f8ker nettsiden.<\/p>\n<ol start=\"2\">\n<li><strong> Behandlingsansvarlig<\/strong><\/li>\n<\/ol>\n<p>Den behandlingsansvarlige i henhold til den gjeldende loven om personvern er Fett \u00d8konomi AS (heretter \u00abFett \u00d8konomi\u00bb, \u00abvi\u00bb, \u00aboss\u00bb eller \u00abv\u00e5r\u00bb). Fett \u00d8konomi er ansvarlig f\u00e5r \u00e5 sikre at dine personopplysninger blir prosessert i henhold til denne erkl\u00e6ringen og gjeldende personvernregler.<\/p>\n<p>Kontaktinformasjon for behandlingsansvarlig:<br \/>\nFett \u00d8konomi AS<br \/>\nOrg. Nr: 993\u00a0468\u00a0983<\/p>\n<p>Adresse: Nedre Slettest\u00f8len 8, 5136 Mj\u00f8lker\u00e5en<\/p>\n<p>Telefon: 41 10 69 07<\/p>\n<p>E-postadresse: <a href=\"mailto:irene@fettokonomi.no\">irene@fettokonomi.no<\/a><\/p>\n<p>Navn p\u00e5 personen ansvarlig for vern av personopplysninger:<br \/>\nIrene Fett \u2013 daglig leder<\/p>\n<p>Address: Litle\u00e5sveien 41, 5132 Nyborg<\/p>\n<p>Email: irene@fettokonomi.no<\/p>\n<p><strong>\u00a0<\/strong><\/p>\n<ol start=\"2\">\n<li><strong> Innhenting av personopplyninger<\/strong><\/li>\n<\/ol>\n<p>Vi kan samle personopplysninger p\u00e5 ulike m\u00e5ter. Som en regel samler vi bare personopplysninger som<\/p>\n<ul>\n<li><strong>Er oppgitt av deg <\/strong>n\u00e5r du kommuniserer eller gj\u00f8r forretninger med oss, for eksempel n\u00e5r du kj\u00f8per v\u00e5r tjeneste eller kontakter oss for tilbud eller informasjon<\/li>\n<li><strong>Er generert n\u00e5r du bruker v\u00e5r tjeneste<\/strong> eller bes\u00f8ker v\u00e5r nettside, for eksempel n\u00e5r du logger p\u00e5 tjenesten<\/li>\n<li><strong>Er skaffet fra andre kilder<\/strong>, der det er i henhold til lovverket. For eksempel Folkeregisteret, Br\u00f8nn\u00f8ysundregisteret eller andre offentlige registre.<\/li>\n<\/ul>\n<p>Du er ikke p\u00e5lagt \u00e5 oppgi personopplysninger til oss, men om du velger \u00e5 ikke gj\u00f8re et, kan det hende at vi ikke vil v\u00e6re i stand til \u00e5 tilby v\u00e5r tjeneste til deg.<\/p>\n<p>Personopplysningene vi samler inkluderer de f\u00f8lgende kategoriene av informasjon:<\/p>\n<ul>\n<li><strong>Grunnleggende informasjon<\/strong>, som navn, tittel og relasjon til selskapet du representerer, kontaktinformasjon (e-post, adresse og telefon), i tillegg til spr\u00e5kinnstillinger<\/li>\n<li><strong>Informasjon som er relatert til kundeforholdet<\/strong>, slik som tjeneste- og ordredetaljer, betalingsinformasjon, fakturainformasjon, markedsf\u00f8ringstillatelser og forbud<\/li>\n<li><strong>Kundeinteraksjon<\/strong>, kundekontakt og svar, samt oppf\u00f8ringer om bruken av individets rettigheter<\/li>\n<li><strong>Personopplysninger generert i forbindelse med bruken av tjenesten v\u00e5r<\/strong> eller ved bes\u00f8k p\u00e5 nettsiden, for eksempel bruker-ID, passord, autentifiseringsinformasjon, tidsstempler og logg av bruken av tjenesten, informasjon samlet ved hjelp av informasjonskapsler og lignende teknologier p\u00e5 nettsiden (enhets-ID og type, operasjonssystem og applikasjonsinnstillinger); og<\/li>\n<li><strong>Andre data<\/strong>, som er basert p\u00e5 ditt samtykke og definert da samtykket ble etterspurt<\/li>\n<\/ul>\n<p><strong>\u200b3. Form\u00e5l og rettslig grunnlag for \u00e5 behandle personopplysninger<\/strong><\/p>\n<p>Vi samler, behandler og bruker kun personopplysninger som beh\u00f8ves for operasjonelle \u00e5rsaker, effektiv kundebehandling og relevante kommersielle aktiviteter.<\/p>\n<p>Dine personopplysninger behandles for f\u00f8lgende form\u00e5l:<\/p>\n<ol>\n<li><strong> Tjenestetilbud og \u00e5 administrere ditt kundeforhold<\/strong><\/li>\n<\/ol>\n<p>Hovedgrunnen til \u00e5 samle personopplysninger er for \u00e5 tilby og levere tjenesten til deg. For \u00e5 gj\u00f8re dette administrerer og opprettholder vi kundeforholdet mellom oss og deg, eller selskapet du representerer. I dette tilfellet blir v\u00e5r behandling av personopplysninger basert p\u00e5 kontrakten mellom deg, eller selskapet du presenterer, og oss.<\/p>\n<ol start=\"2\">\n<li><strong> Markedsf\u00f8ring<\/strong><\/li>\n<\/ol>\n<p>Vi kan kontakte deg for \u00e5 informere om nye funksjoner ved tjenesten, eller for \u00e5 promotere og selge andre relaterte tjenester. Vi kan bruke personopplysningene dine til markedsunders\u00f8kelser og kundeunders\u00f8kelser. I dette henseendet er prosesseringen av personopplysninger grunnlagt i v\u00e5r legitime interesse i \u00e5 tilby deg informasjon som en del av tjenesten og \u00e5 promotere v\u00e5re tjenester til deg. Du kan motsi deg direktemarkedsf\u00f8ring n\u00e5r som helst (vennligst se kapittel 8 i denne erkl\u00e6ringen).<\/p>\n<ol start=\"3\">\n<li><strong> Tjenesteutvikling, informasjonssikkerhet og intern rapportering<\/strong><\/li>\n<\/ol>\n<p>Vi behandler ogs\u00e5 personopplysninger for \u00e5 s\u00f8rge for sikkerheten til tjenesten og til nettsiden, til \u00e5 forbedre kvaliteten til tjenesten og til nettsiden, samt utvikle nye funksjoner til tjenesten. Vi kan ogs\u00e5 generere interne rapporter basert p\u00e5 personopplysninger, for \u00e5 kunne tilby relevant informasjon til v\u00e5r ledelse, og for \u00e5 drive forretningen hensiktsmessig. I disse tilfellene er prosesseringen av personopplysninger i v\u00e5r legitime interesse for \u00e5 s\u00f8rge for at tjenesten v\u00e5r og nettsiden har et akseptabelt niv\u00e5 av datasikkerhet, og at vi har tilstrekkelig og relevant informasjon tilgjengelig for \u00e5 kunne utvikle tjenesten v\u00e5r og for \u00e5 administrere driften v\u00e5r.<\/p>\n<ol start=\"4\">\n<li><strong> Overholdelse av lover<\/strong><\/li>\n<\/ol>\n<p>Vi kan bli forpliktet til \u00e5 behandle personopplysninger for \u00e5 oppfylle v\u00e5re lovbestemte forpliktelser, f.eks. i forhold til regnskap eller for \u00e5 oppfylle myndigheters (f.eks. skattemyndighetenes) foresp\u00f8rsler etter loven.<\/p>\n<ol start=\"5\">\n<li><strong> Andre form\u00e5l du har samtykket til<\/strong><\/li>\n<\/ol>\n<p>Hvis du har gitt ditt samtykke til at vi kan prosessere dine personopplysninger til andre form\u00e5l, har vi rett til \u00e5 prosessere personopplysninger i henhold til dette.<\/p>\n<ol start=\"4\">\n<li><strong> Overf\u00f8ringer og tilleggsopplysninger om personopplysninger<\/strong><\/li>\n<\/ol>\n<p>Vi kan ogs\u00e5 overf\u00f8re personopplysninger til tredjeparter:<\/p>\n<ul>\n<li>N\u00e5r det er tillatt eller krevd av loven, for eksempel for \u00e5 overholde anmodninger fra vedkommende myndigheter eller relatert til rettssaker<\/li>\n<li>N\u00e5r v\u00e5re p\u00e5litelige tjenesteleverand\u00f8rer prosesserer personopplysninger p\u00e5 vegne av oss og i henhold til v\u00e5re retningslinjer. Vi vil kontrollere og ha ansvar for bruken av dine personopplysninger til enhver tid<\/li>\n<li>Hvis vi er involvert i en fusjon, et oppkj\u00f8p eller et salg av hele eller deler av v\u00e5re eiendeler<\/li>\n<li>N\u00e5r vi i god tro mener at \u00e5penhet er n\u00f8dvendig for \u00e5 beskytte v\u00e5re rettigheter, beskytte din sikkerhet eller andres sikkerhet, unders\u00f8ke svindel, svare p\u00e5 foresp\u00f8rsler fra regjeringen, og<\/li>\n<li>Med ditt samtykke til parter som samtykket relaterer til<\/li>\n<\/ul>\n<ol start=\"5\">\n<li><strong> Overf\u00f8ringer av personopplysninger utenfor eu\/e\u00f8s<\/strong><\/li>\n<\/ol>\n<p>Vi overf\u00f8rer ikke dine personopplysninger utenfor EU eller E\u00d8S.<\/p>\n<p>Vi kan overf\u00f8re personopplysninger utenfor EU eller Det europeiske \u00f8konomiske samarbeidsomr\u00e5det, n\u00e5r v\u00e5r samarbeidspartner som gjennomf\u00f8rer oppdraget er plassert utenfor disse omr\u00e5dene. I disse tilfellene s\u00f8rger vi for n\u00f8dvendige vernetiltak for \u00e5 sikre registrerte rettigheter og friheter i henhold til gjeldende personvernlovgivning, som EUs generelle personvernforordning (679\/2016).<\/p>\n<p>For eksempel, v\u00e5r markedsf\u00f8ringleverand\u00f8r overf\u00f8rer personopplysninger til USA for at de skal levere tjenester til oss. Denne tjenesteleverand\u00f8ren har sikret et tilstrekkelig beskyttelsesniv\u00e5 for personopplysninger ved \u00e5 sertifisere seg til Privacy Shield Framework. For \u00e5 l\u00e6re mer om Privacy Shield Framework, se <a href=\"http:\/\/www.privacyshield.gov\/\">denne lenken<\/a>.<\/p>\n<ol start=\"6\">\n<li><strong> Oppbevaring av personopplysninger<\/strong><\/li>\n<\/ol>\n<p>Dine personopplysninger vil bli beholdt bare s\u00e5 lenge som n\u00f8dvendig for \u00e5 oppfylle form\u00e5lene som er definert i denne erkl\u00e6ringen.<\/p>\n<p>De fleste av dine personlige data vil bli beholdt i l\u00f8pet av ditt kundeforhold med Fett \u00d8konomi. Enkelte personopplysninger kan beholdes etter at kundeforholdet til oss er avsluttet, om det er p\u00e5krevd eller tillatt av gjeldende lover. For eksempel, etter at kundeforholdet til oss er avsluttet, lagrer vi vanligvis personlige data som er n\u00f8dvendige for \u00e5 svare p\u00e5 foresp\u00f8rsler eller krav i henhold til gjeldende bestemmelser i foreldelsesloven, eller vi kan lagre dine personopplysninger i den grad det er n\u00f8dvendig for \u00e5 respektere ditt \u00f8nske om \u00e5 ikke motta direkte markedsf\u00f8ring fra oss.<\/p>\n<p>N\u00e5r dine personopplysninger ikke lenger er p\u00e5krevd etter lover, rettigheter eller forpliktelser fra en av partene, vil vi slette dine personlige data.<\/p>\n<ol start=\"7\">\n<li><strong> Dine rettigheter<\/strong><\/li>\n<\/ol>\n<p>Du har rett til \u00e5 f\u00e5 tilgang til personopplysningene vi prosesserer om deg. Du kan f\u00e5 tilgang, rette opp, oppdatere, endre eller sp\u00f8rre om \u00e5 f\u00e5 fjernet dine personopplysninger n\u00e5r som helst. Men v\u00e6r klar over at noe av denne informasjonen er streng n\u00f8dvendig for \u00e5 oppfylle form\u00e5lene beskrevet i denne erkl\u00e6ringen, og kan ogs\u00e5 v\u00e6re p\u00e5krevd av loven. F\u00f8lgelig vil ikke slike personopplysninger kunne bli fjernet.<\/p>\n<p>Du har rett til \u00e5 motsette deg visse databehandlinger. I den utstrekning som kreves av gjeldende databeskyttelseslov, har du rett til \u00e5 begrense databehandling.<\/p>\n<p>Du har rett til dataportabilitet, dvs. rett til \u00e5 motta dine personopplysninger i et strukturert, ofte brukt maskinlesbart format og overf\u00f8re dine personlige data til en annen databehandler, i den utstrekning som kreves av gjeldende lov.<\/p>\n<p>Hvis v\u00e5r behandling av dine personopplysninger er basert p\u00e5 samtykke, har du rett til \u00e5 trekke tilbake samtykket til enhver tid. Vi vil ikke lenger behandle dine personligopplysninger til form\u00e5lene i samtykket, med mindre det er et annet juridisk grunnlag for behandlingen.<\/p>\n<p>Vennligst send ovennevnte foresp\u00f8rsler til oss p\u00e5 post@fettokonomi.no.<\/p>\n<p>Hvis du mener at det er et problem med m\u00e5ten vi behandler dine personopplysninger p\u00e5, har du rett til \u00e5 sende en klage til din nasjonale datamyndighet i EU\/E\u00d8S. I Norge er det Datatilsynet. Du kan finne kontaktopplysninger om Datatilsynet p\u00e5 <a href=\"http:\/\/www.datatilsynet.no\">www.datatilsynet.no<\/a><\/p>\n<ol start=\"8\">\n<li><strong> Sikkerhet<\/strong><\/li>\n<\/ol>\n<p>Vi opprettholder sikkerhetsforanstaltninger (inkludert fysiske, elektroniske og administrative tiltak) som er hensiktsmessige for \u00e5 beskytte personopplysninger mot tap, \u00f8deleggelse, misbruk og uautorisert tilgang eller avsl\u00f8ring. For eksempel begrenser vi tilgangen til personligopplysninger til autoriserte ansatte og tjenesteleverand\u00f8rer som trenger \u00e5 kjenne informasjonen i sitt arbeid.<\/p>\n<p>V\u00e6r oppmerksom p\u00e5 at selv om vi fors\u00f8ker \u00e5 s\u00f8rge for passende sikkerhetstiltak for personopplysninger, kan ikke noe sikkerhetssystem hindre alle mulige sikkerhetsbrudd. Hvis det oppst\u00e5r et sikkerhetsbrudd, informerer vi deg i samsvar med gjeldende lover.<\/p>\n<ol start=\"9\">\n<li><strong> Endringer i denne erkl\u00e6ringen<\/strong><\/li>\n<\/ol>\n<p>Vi kan gj\u00f8re endringer i denne erkl\u00e6ringen fra tid til annen. Hvis vi foretar endringer i denne erkl\u00e6ringen, vil vi gi deg beskjed om det p\u00e5 v\u00e5r hjemmeside <a href=\"http:\/\/www.accountor.no\/\">www.Fett \u00d8konomi.no<\/a>, der du ogs\u00e5 finner den nyeste versjonen av denne erkl\u00e6ringen.<\/p>\n<ol start=\"11\">\n<li><strong> Kontakt oss<\/strong><\/li>\n<\/ol>\n<p>Om du har sp\u00f8rsm\u00e5l vedr\u00f8rende denne erkl\u00e6ringen eller personopplysningene om deg som vi behandler, vennligst kontakt oss p\u00e5 post@fettokonomi.no.<\/p>\n","protected":false},"excerpt":{"rendered":"<p>Denne personvernerkl\u00e6ringen (heretter \u00aberkl\u00e6ringen\u00bb) gir deg informasjon om hvordan Fett \u00d8konomi AS samler, bruker eller deler dine personlige data i forbindelse med tjenesten som tilbys (\u00abtjeneste\u00bb) og\/eller nettsiden www.Fett \u00d8konomi.no. Vennligst les denne erkl\u00e6ringen n\u00f8ye f\u00f8r du begynner \u00e5 bruke tjenesten eller bes\u00f8ker nettsiden. Behandlingsansvarlig Den behandlingsansvarlige i henhold til den gjeldende loven om personvern er Fett \u00d8konomi AS (heretter \u00abFett \u00d8konomi\u00bb, \u00abvi\u00bb, \u00aboss\u00bb eller \u00abv\u00e5r\u00bb). Fett \u00d8konomi er ansvarlig f\u00e5r \u00e5 sikre at dine personopplysninger blir prosessert i henhold til denne erkl\u00e6ringen og gjeldende [&#038;hellip<\/p>\n","protected":false},"author":6,"featured_media":0,"parent":0,"menu_order":0,"comment_status":"closed","ping_status":"closed","template":"","meta":[],"_links":{"self":[{"href":"https:\/\/fettokonomi.no\/index.php?rest_route=\/wp\/v2\/pages\/500"}],"collection":[{"href":"https:\/\/fettokonomi.no\/index.php?rest_route=\/wp\/v2\/pages"}],"about":[{"href":"https:\/\/fettokonomi.no\/index.php?rest_route=\/wp\/v2\/types\/page"}],"author":[{"embeddable":true,"href":"https:\/\/fettokonomi.no\/index.php?rest_route=\/wp\/v2\/users\/6"}],"replies":[{"embeddable":true,"href":"https:\/\/fettokonomi.no\/index.php?rest_route=%2Fwp%2Fv2%2Fcomments&post=500"}],"version-history":[{"count":3,"href":"https:\/\/fettokonomi.no\/index.php?rest_route=\/wp\/v2\/pages\/500\/revisions"}],"predecessor-version":[{"id":537,"href":"https:\/\/fettokonomi.no\/index.php?rest_route=\/wp\/v2\/pages\/500\/revisions\/537"}],"wp:attachment":[{"href":"https:\/\/fettokonomi.no\/index.php?rest_route=%2Fwp%2Fv2%2Fmedia&parent=500"}],"curies":[{"name":"wp","href":"https:\/\/api.w.org\/{rel}","templated":true}]}}