{"id":27,"date":"2011-09-19T01:45:29","date_gmt":"2011-09-19T01:45:29","guid":{"rendered":"http:\/\/fettokonomi.no\/?page_id=27"},"modified":"2011-11-08T14:10:30","modified_gmt":"2011-11-08T14:10:30","slug":"epudipsumqui-onimag-natature","status":"publish","type":"page","link":"https:\/\/fettokonomi.no\/","title":{"rendered":"<\/br> &#8220;Hos Fett \u00d8konomi AS f\u00e5r du en regnskapsf\u00f8rer som kan regnskap og som er her for deg!&#8221;"},"content":{"rendered":"<p style=\"text-align: right;\">Irene Fett &#8211; daglig leder<\/p>\n","protected":false},"excerpt":{"rendered":"<p>Irene Fett &#8211; daglig leder<\/p>\n","protected":false},"author":6,"featured_media":0,"parent":0,"menu_order":0,"comment_status":"open","ping_status":"open","template":"","meta":[],"_links":{"self":[{"href":"https:\/\/fettokonomi.no\/index.php?rest_route=\/wp\/v2\/pages\/27"}],"collection":[{"href":"https:\/\/fettokonomi.no\/index.php?rest_route=\/wp\/v2\/pages"}],"about":[{"href":"https:\/\/fettokonomi.no\/index.php?rest_route=\/wp\/v2\/types\/page"}],"author":[{"embeddable":true,"href":"https:\/\/fettokonomi.no\/index.php?rest_route=\/wp\/v2\/users\/6"}],"replies":[{"embeddable":true,"href":"https:\/\/fettokonomi.no\/index.php?rest_route=%2Fwp%2Fv2%2Fcomments&post=27"}],"version-history":[{"count":48,"href":"https:\/\/fettokonomi.no\/index.php?rest_route=\/wp\/v2\/pages\/27\/revisions"}],"predecessor-version":[{"id":50,"href":"https:\/\/fettokonomi.no\/index.php?rest_route=\/wp\/v2\/pages\/27\/revisions\/50"}],"wp:attachment":[{"href":"https:\/\/fettokonomi.no\/index.php?rest_route=%2Fwp%2Fv2%2Fmedia&parent=27"}],"curies":[{"name":"wp","href":"https:\/\/api.w.org\/{rel}","templated":true}]}}