{"id":228,"date":"2011-10-21T09:44:28","date_gmt":"2011-10-21T09:44:28","guid":{"rendered":"http:\/\/fettokonomi.no\/?page_id=228"},"modified":"2011-11-08T13:48:58","modified_gmt":"2011-11-08T13:48:58","slug":"om-oss-2","status":"publish","type":"page","link":"https:\/\/fettokonomi.no\/?page_id=228","title":{"rendered":"Om Oss"},"content":{"rendered":"<p><strong>Fett \u00d8konomi AS er et lite regnskapskontor med f\u00e5, men kloke og kjappe hoder.\u00a0<\/strong><\/p>\n<p>Vi leverer:<\/p>\n<p>L\u00d8NNSOMHET<\/p>\n<p><em>Det er mer l\u00f8nnsomt at du bruker tiden din p\u00e5 det du kan best, uten \u00e5 m\u00e5tte slite med regnskap og tidsfrister. Det kan du overlate til oss.<\/em><\/p>\n<p>GODE \u00d8KONOMISKE STYRINGSVERKT\u00d8Y.<\/p>\n<p style=\"text-align: left;\"><em>Dette gj\u00f8r vi ved \u00e5 kombinere Kompetanse, Kvalitet og Kommunikasjon.<\/em><\/p>\n<p style=\"text-align: left;\">KUNDETILFREDSHET.<\/p>\n<p style=\"text-align: left;\"><em>Hver og en av v\u00e5re kunder er aller mest viktig for oss, noe vi viser gjennom fleksibilitet, engasjement og interesse for kundenes virksomhet og utvikling.<\/em><\/p>\n<p>TILLIT.<\/p>\n<p><em>V\u00e5r kunder skal sove godt om natten, i trygg forvisning om at de har den trygghet de trenger for at regnskaps- og \u00f8konomifunksjonen deres er godt ivaretatt.\u00a0<\/em><\/p>\n<p>&nbsp;<\/p>\n","protected":false},"excerpt":{"rendered":"<p>Fett \u00d8konomi AS er et lite regnskapskontor med f\u00e5, men kloke og kjappe hoder.\u00a0 Vi leverer: L\u00d8NNSOMHET Det er mer l\u00f8nnsomt at du bruker tiden din p\u00e5 det du kan best, uten \u00e5 m\u00e5tte slite med regnskap og tidsfrister. Det kan du overlate til oss. GODE \u00d8KONOMISKE STYRINGSVERKT\u00d8Y. Dette gj\u00f8r vi ved \u00e5 kombinere Kompetanse, Kvalitet og Kommunikasjon. KUNDETILFREDSHET. Hver og en av v\u00e5re kunder er aller mest viktig for oss, noe vi viser gjennom fleksibilitet, engasjement og interesse for kundenes virksomhet og utvikling. TILLIT. [&#038;hellip<\/p>\n","protected":false},"author":6,"featured_media":0,"parent":0,"menu_order":0,"comment_status":"open","ping_status":"open","template":"","meta":[],"_links":{"self":[{"href":"https:\/\/fettokonomi.no\/index.php?rest_route=\/wp\/v2\/pages\/228"}],"collection":[{"href":"https:\/\/fettokonomi.no\/index.php?rest_route=\/wp\/v2\/pages"}],"about":[{"href":"https:\/\/fettokonomi.no\/index.php?rest_route=\/wp\/v2\/types\/page"}],"author":[{"embeddable":true,"href":"https:\/\/fettokonomi.no\/index.php?rest_route=\/wp\/v2\/users\/6"}],"replies":[{"embeddable":true,"href":"https:\/\/fettokonomi.no\/index.php?rest_route=%2Fwp%2Fv2%2Fcomments&post=228"}],"version-history":[{"count":4,"href":"https:\/\/fettokonomi.no\/index.php?rest_route=\/wp\/v2\/pages\/228\/revisions"}],"predecessor-version":[{"id":371,"href":"https:\/\/fettokonomi.no\/index.php?rest_route=\/wp\/v2\/pages\/228\/revisions\/371"}],"wp:attachment":[{"href":"https:\/\/fettokonomi.no\/index.php?rest_route=%2Fwp%2Fv2%2Fmedia&parent=228"}],"curies":[{"name":"wp","href":"https:\/\/api.w.org\/{rel}","templated":true}]}}