{"id":176,"date":"2011-10-20T21:54:30","date_gmt":"2011-10-20T21:54:30","guid":{"rendered":"http:\/\/fettokonomi.no\/?page_id=176"},"modified":"2011-11-08T15:01:15","modified_gmt":"2011-11-08T15:01:15","slug":"kontroll","status":"publish","type":"page","link":"https:\/\/fettokonomi.no\/?page_id=176","title":{"rendered":"Kontroll"},"content":{"rendered":"<p>\u00c5 oppn\u00e5 den fulle kontroll er (heldigvis) utenfor v\u00e5re kontroll&#8230;<br \/>\n<em><em>&#8220;Vi kan ikke iscenesette og kontrollere alt. F\u00f8r eller siden kommer Den Sv\u00e6re H\u00e5nden og feier alt til siden.&#8221;<\/em><\/em><\/p>\n<p style=\"text-align: right;\"><em>(Linn Ullmann)<\/em><\/p>\n<p>\u00a0Og kanskje er kontroll heller ikke det viktigste n\u00e5r alt kommer til alt&#8230;?<br \/>\n<em>&#8220;Du sp\u00f8r meg hva jeg ler av, lille venn? Jeg ler fordi jeg lever, simpelthen.&#8221;<\/em><\/p>\n<p style=\"text-align: right;\"><em>(Inger Hagerup)<\/em><\/p>\n<p>Men for en bedriftsleder vil det v\u00e6re viktig \u00e5 f\u00f8le at han har\u00a0<strong>best mulig<\/strong>\u00a0kontroll. Dette \u00f8nsker vi \u00e5 bidra med ved hjelp av v\u00e5re suksessfaktorer, Kompetanse, Kvalitet og Kommunikasjon.<\/p>\n<p>V\u00e5rt produkt er God Kontroll (<a title=\"4K\" href=\"http:\/\/fettokonomi.no\/?page_id=70\">4K<\/a>), eller sagt p\u00e5 en annen m\u00e5te: God Nattes\u00f8vn!<\/p>\n","protected":false},"excerpt":{"rendered":"<p>\u00c5 oppn\u00e5 den fulle kontroll er (heldigvis) utenfor v\u00e5re kontroll&#8230; &#8220;Vi kan ikke iscenesette og kontrollere alt. F\u00f8r eller siden kommer Den Sv\u00e6re H\u00e5nden og feier alt til siden.&#8221; (Linn Ullmann) \u00a0Og kanskje er kontroll heller ikke det viktigste n\u00e5r alt kommer til alt&#8230;? &#8220;Du sp\u00f8r meg hva jeg ler av, lille venn? Jeg ler fordi jeg lever, simpelthen.&#8221; (Inger Hagerup) Men for en bedriftsleder vil det v\u00e6re viktig \u00e5 f\u00f8le at han har\u00a0best mulig\u00a0kontroll. Dette \u00f8nsker vi \u00e5 bidra med ved hjelp av v\u00e5re [&#038;hellip<\/p>\n","protected":false},"author":6,"featured_media":0,"parent":0,"menu_order":0,"comment_status":"open","ping_status":"open","template":"","meta":[],"_links":{"self":[{"href":"https:\/\/fettokonomi.no\/index.php?rest_route=\/wp\/v2\/pages\/176"}],"collection":[{"href":"https:\/\/fettokonomi.no\/index.php?rest_route=\/wp\/v2\/pages"}],"about":[{"href":"https:\/\/fettokonomi.no\/index.php?rest_route=\/wp\/v2\/types\/page"}],"author":[{"embeddable":true,"href":"https:\/\/fettokonomi.no\/index.php?rest_route=\/wp\/v2\/users\/6"}],"replies":[{"embeddable":true,"href":"https:\/\/fettokonomi.no\/index.php?rest_route=%2Fwp%2Fv2%2Fcomments&post=176"}],"version-history":[{"count":18,"href":"https:\/\/fettokonomi.no\/index.php?rest_route=\/wp\/v2\/pages\/176\/revisions"}],"predecessor-version":[{"id":196,"href":"https:\/\/fettokonomi.no\/index.php?rest_route=\/wp\/v2\/pages\/176\/revisions\/196"}],"wp:attachment":[{"href":"https:\/\/fettokonomi.no\/index.php?rest_route=%2Fwp%2Fv2%2Fmedia&parent=176"}],"curies":[{"name":"wp","href":"https:\/\/api.w.org\/{rel}","templated":true}]}}