{"id":14,"date":"2011-09-19T01:24:00","date_gmt":"2011-09-19T01:24:00","guid":{"rendered":"http:\/\/fettokonomi.no\/?page_id=14"},"modified":"2025-02-09T23:01:59","modified_gmt":"2025-02-09T23:01:59","slug":"medarbeidere","status":"publish","type":"page","link":"https:\/\/fettokonomi.no\/?page_id=14","title":{"rendered":"Medarbeidere"},"content":{"rendered":"<p><a href=\"http:\/\/fettokonomi.no\/wp-content\/uploads\/2011\/09\/Irene_Fett.jpg\"><img decoding=\"async\" loading=\"lazy\" class=\"alignleft size-thumbnail wp-image-418\" title=\"Irene_Fett\" src=\"http:\/\/fettokonomi.no\/wp-content\/uploads\/2011\/09\/Irene_Fett-150x150.jpg\" alt=\"\" width=\"150\" height=\"150\" \/><\/a><br \/>\n<strong>Irene Fett<\/strong><br \/>\nEr daglig leder i <span class=\"outlook-search-highlight\" data-markjs=\"true\">Fett<\/span> <span class=\"outlook-search-highlight\" data-markjs=\"true\">\u00d8konomi<\/span> AS. Hun har over 30 \u00e5rs erfaring fra regnskaps- og revisjonsbransjen. Dette fordeler seg med 9 \u00e5r innen ekstern revisjon hos Deloitte &amp; Touche, 4 \u00e5r som <span class=\"outlook-search-highlight\" data-markjs=\"true\">\u00f8konomi<\/span>ansvarlig i et privat IT-konsulentkonsern, 2 \u00e5r i ulike roller i et regnskapskontor og resten av tiden som daglig leder for <span class=\"outlook-search-highlight\" data-markjs=\"true\">Fett<\/span> <span class=\"outlook-search-highlight\" data-markjs=\"true\">\u00d8konomi<\/span> AS (fra h\u00f8sten 2008). Utdannelsen best\u00e5r av sivil\u00f8konom NHH, statsautorisert revisor og statsautorisert regnskapsf\u00f8rer.<\/p>\n<p><strong>\u00a0\u00a0<\/strong><\/p>\n<p><strong>\u00a0<\/strong><\/p>\n","protected":false},"excerpt":{"rendered":"<p>Irene Fett Er daglig leder i Fett \u00d8konomi AS. Hun har over 30 \u00e5rs erfaring fra regnskaps- og revisjonsbransjen. Dette fordeler seg med 9 \u00e5r innen ekstern revisjon hos Deloitte &amp; Touche, 4 \u00e5r som \u00f8konomiansvarlig i et privat IT-konsulentkonsern, 2 \u00e5r i ulike roller i et regnskapskontor og resten av tiden som daglig leder for Fett \u00d8konomi AS (fra h\u00f8sten 2008). Utdannelsen best\u00e5r av sivil\u00f8konom NHH, statsautorisert revisor og statsautorisert regnskapsf\u00f8rer. \u00a0\u00a0 \u00a0<\/p>\n","protected":false},"author":6,"featured_media":0,"parent":0,"menu_order":0,"comment_status":"open","ping_status":"open","template":"","meta":[],"_links":{"self":[{"href":"https:\/\/fettokonomi.no\/index.php?rest_route=\/wp\/v2\/pages\/14"}],"collection":[{"href":"https:\/\/fettokonomi.no\/index.php?rest_route=\/wp\/v2\/pages"}],"about":[{"href":"https:\/\/fettokonomi.no\/index.php?rest_route=\/wp\/v2\/types\/page"}],"author":[{"embeddable":true,"href":"https:\/\/fettokonomi.no\/index.php?rest_route=\/wp\/v2\/users\/6"}],"replies":[{"embeddable":true,"href":"https:\/\/fettokonomi.no\/index.php?rest_route=%2Fwp%2Fv2%2Fcomments&post=14"}],"version-history":[{"count":64,"href":"https:\/\/fettokonomi.no\/index.php?rest_route=\/wp\/v2\/pages\/14\/revisions"}],"predecessor-version":[{"id":541,"href":"https:\/\/fettokonomi.no\/index.php?rest_route=\/wp\/v2\/pages\/14\/revisions\/541"}],"wp:attachment":[{"href":"https:\/\/fettokonomi.no\/index.php?rest_route=%2Fwp%2Fv2%2Fmedia&parent=14"}],"curies":[{"name":"wp","href":"https:\/\/api.w.org\/{rel}","templated":true}]}}