{"id":137,"date":"2011-10-20T10:43:57","date_gmt":"2011-10-20T10:43:57","guid":{"rendered":"http:\/\/fettokonomi.no\/?page_id=137"},"modified":"2025-02-09T23:00:18","modified_gmt":"2025-02-09T23:00:18","slug":"vare-tjenester","status":"publish","type":"page","link":"https:\/\/fettokonomi.no\/?page_id=137","title":{"rendered":"V\u00e5re tjenester"},"content":{"rendered":"<p>Som kunde hos Fett \u00d8konomi AS skal du f\u00f8le deg sikker p\u00e5 at det vi gj\u00f8r holder h\u00f8y kvalitet, og du skal f\u00f8le deg ivaretatt. Enten vi arbeider p\u00e5 v\u00e5rt kontor eller ute hos deg, hos oss st\u00e5r du som kunde i fokus!<\/p>\n<p>V\u00e5re <em><span style=\"text-decoration: underline;\">kjerneaktiviteter<\/span><\/em> knytter seg til regnskap og rapportering, fakturering og l\u00f8nnsarbeid.\u00a0Noe av dette gj\u00f8res l\u00f8pende gjennom \u00e5ret, mens andre oppgaver gj\u00f8res periodisk og p\u00e5 mer uregelmessig basis, s\u00e5 som \u00e5rsoppgj\u00f8r og uregelmessig innrapportering av statistikker.<\/p>\n<p style=\"text-align: left;\"><em>(klikk p\u00e5 lenkene nedenfor for mer informasjon)<\/em><\/p>\n<ul>\n<li><strong><em><a title=\"Kjernetjenester \u2013 l\u00f8pende oppgaver\" href=\"http:\/\/fettokonomi.no\/?page_id=199\">Kjernetjenester &#8211; l\u00f8pende oppgaver<\/a><\/em><\/strong><\/li>\n<li><strong><em><a title=\"Kjernetjenester \u2013 periodiske oppgaver\" href=\"http:\/\/fettokonomi.no\/?page_id=201\">Kjernetjenester &#8211; periodiske oppgaver<\/a><\/em><\/strong><\/li>\n<\/ul>\n<div><strong>\u00a0<\/strong><\/div>\n<div>Videre yter vi <em><span style=\"text-decoration: underline;\">r\u00e5dgivningstjenester<\/span><\/em> innenfor ulike omr\u00e5der som er n\u00e6rt knyttet til virksomhetens \u00f8konomifunksjon.<\/div>\n<ul>\n<li><strong><a title=\"R\u00e5dgivningstjenester\" href=\"http:\/\/fettokonomi.no\/?page_id=211\">R\u00e5dgivningstjenester<\/a><\/strong><\/li>\n<\/ul>\n<p><strong><em>\u00a0<\/em><\/strong><\/p>\n<div><strong>Vi hjelper deg med det du trenger, der du trenger!<\/strong><\/div>\n<p><strong>\u00a0<\/strong><\/p>\n","protected":false},"excerpt":{"rendered":"<p>Som kunde hos Fett \u00d8konomi AS skal du f\u00f8le deg sikker p\u00e5 at det vi gj\u00f8r holder h\u00f8y kvalitet, og du skal f\u00f8le deg ivaretatt. Enten vi arbeider p\u00e5 v\u00e5rt kontor eller ute hos deg, hos oss st\u00e5r du som kunde i fokus! V\u00e5re kjerneaktiviteter knytter seg til regnskap og rapportering, fakturering og l\u00f8nnsarbeid.\u00a0Noe av dette gj\u00f8res l\u00f8pende gjennom \u00e5ret, mens andre oppgaver gj\u00f8res periodisk og p\u00e5 mer uregelmessig basis, s\u00e5 som \u00e5rsoppgj\u00f8r og uregelmessig innrapportering av statistikker. (klikk p\u00e5 lenkene nedenfor for mer informasjon) [&#038;hellip<\/p>\n","protected":false},"author":6,"featured_media":0,"parent":0,"menu_order":0,"comment_status":"open","ping_status":"open","template":"","meta":[],"_links":{"self":[{"href":"https:\/\/fettokonomi.no\/index.php?rest_route=\/wp\/v2\/pages\/137"}],"collection":[{"href":"https:\/\/fettokonomi.no\/index.php?rest_route=\/wp\/v2\/pages"}],"about":[{"href":"https:\/\/fettokonomi.no\/index.php?rest_route=\/wp\/v2\/types\/page"}],"author":[{"embeddable":true,"href":"https:\/\/fettokonomi.no\/index.php?rest_route=\/wp\/v2\/users\/6"}],"replies":[{"embeddable":true,"href":"https:\/\/fettokonomi.no\/index.php?rest_route=%2Fwp%2Fv2%2Fcomments&post=137"}],"version-history":[{"count":15,"href":"https:\/\/fettokonomi.no\/index.php?rest_route=\/wp\/v2\/pages\/137\/revisions"}],"predecessor-version":[{"id":540,"href":"https:\/\/fettokonomi.no\/index.php?rest_route=\/wp\/v2\/pages\/137\/revisions\/540"}],"wp:attachment":[{"href":"https:\/\/fettokonomi.no\/index.php?rest_route=%2Fwp%2Fv2%2Fmedia&parent=137"}],"curies":[{"name":"wp","href":"https:\/\/api.w.org\/{rel}","templated":true}]}}