{"id":123,"date":"2011-10-20T10:21:10","date_gmt":"2011-10-20T10:21:10","guid":{"rendered":"http:\/\/fettokonomi.no\/?page_id=123"},"modified":"2011-11-08T13:51:58","modified_gmt":"2011-11-08T13:51:58","slug":"kompetanse-2","status":"publish","type":"page","link":"https:\/\/fettokonomi.no\/?page_id=123","title":{"rendered":"Kompetanse"},"content":{"rendered":"<p><strong>KOMPETANSE<\/strong><\/p>\n<p>Fett \u00d8konomi AS har s\u00e6rdeles stort fokus p\u00e5 kompetanse. Kunnskapen hos medarbeiderne i Fett \u00d8konomi AS utgj\u00f8r b\u00e6rebjelken for alt vi gj\u00f8r.<\/p>\n<p>Presentasjonen av medarbeiderne under &#8220;Om Oss&#8221; angir den formelle bakgrunnen til de som arbeider hos Fett \u00d8konomi AS.<\/p>\n<p>Solid faglig forankring er viktigste kriterium for ansettelse hos oss. Men minst like viktig er v\u00e5rt fokus p\u00e5 \u00e5 foredle og utvide hverandres kompetanse, gjennom eksterne kurs og intern oppl\u00e6ring. Dyktige og krevende kunder er ogs\u00e5 en viktig inspirasjon til stadig faglig videreutvikling.<\/p>\n<p>Men selv med kompetansen som grunnlag for hele v\u00e5r virksomhet, er vi ydmyke og realistiske nok til \u00e5 vite at feil vil oppst\u00e5. F\u00f8r eller siden. Da er det en tr\u00f8st \u00e5 vite at nobelprisvinner i fysikk, Niels Henrik Bohr har uttalt at &#8220;en ekspert er en person som har gjort alle feil som er mulig innen et begrenset felt&#8221;. Vi har litt \u00e5 g\u00e5 p\u00e5 enn\u00e5&#8230;<\/p>\n","protected":false},"excerpt":{"rendered":"<p>KOMPETANSE Fett \u00d8konomi AS har s\u00e6rdeles stort fokus p\u00e5 kompetanse. Kunnskapen hos medarbeiderne i Fett \u00d8konomi AS utgj\u00f8r b\u00e6rebjelken for alt vi gj\u00f8r. Presentasjonen av medarbeiderne under &#8220;Om Oss&#8221; angir den formelle bakgrunnen til de som arbeider hos Fett \u00d8konomi AS. Solid faglig forankring er viktigste kriterium for ansettelse hos oss. Men minst like viktig er v\u00e5rt fokus p\u00e5 \u00e5 foredle og utvide hverandres kompetanse, gjennom eksterne kurs og intern oppl\u00e6ring. Dyktige og krevende kunder er ogs\u00e5 en viktig inspirasjon til stadig faglig videreutvikling. Men [&#038;hellip<\/p>\n","protected":false},"author":6,"featured_media":0,"parent":10,"menu_order":0,"comment_status":"open","ping_status":"open","template":"","meta":[],"_links":{"self":[{"href":"https:\/\/fettokonomi.no\/index.php?rest_route=\/wp\/v2\/pages\/123"}],"collection":[{"href":"https:\/\/fettokonomi.no\/index.php?rest_route=\/wp\/v2\/pages"}],"about":[{"href":"https:\/\/fettokonomi.no\/index.php?rest_route=\/wp\/v2\/types\/page"}],"author":[{"embeddable":true,"href":"https:\/\/fettokonomi.no\/index.php?rest_route=\/wp\/v2\/users\/6"}],"replies":[{"embeddable":true,"href":"https:\/\/fettokonomi.no\/index.php?rest_route=%2Fwp%2Fv2%2Fcomments&post=123"}],"version-history":[{"count":12,"href":"https:\/\/fettokonomi.no\/index.php?rest_route=\/wp\/v2\/pages\/123\/revisions"}],"predecessor-version":[{"id":160,"href":"https:\/\/fettokonomi.no\/index.php?rest_route=\/wp\/v2\/pages\/123\/revisions\/160"}],"up":[{"embeddable":true,"href":"https:\/\/fettokonomi.no\/index.php?rest_route=\/wp\/v2\/pages\/10"}],"wp:attachment":[{"href":"https:\/\/fettokonomi.no\/index.php?rest_route=%2Fwp%2Fv2%2Fmedia&parent=123"}],"curies":[{"name":"wp","href":"https:\/\/api.w.org\/{rel}","templated":true}]}}