{"id":12,"date":"2011-09-19T01:23:30","date_gmt":"2011-09-19T01:23:30","guid":{"rendered":"http:\/\/fettokonomi.no\/?page_id=12"},"modified":"2011-11-24T09:32:50","modified_gmt":"2011-11-24T09:32:50","slug":"kompetanse","status":"publish","type":"page","link":"https:\/\/fettokonomi.no\/?page_id=12","title":{"rendered":"Visjon og m\u00e5lsetting"},"content":{"rendered":"<p><strong>V\u00e5r visjon er\u00a0<\/strong><strong>\u00e5 v\u00e6re din st\u00f8ttespiller!<\/strong><\/p>\n<p>\u00d8nsket mitt er at din kontaktperson hos Fett \u00d8konomi kan v\u00e6re en st\u00f8ttespiller for deg som bedriftsleder. Han eller hun skal s\u00f8rge for at du har et regnskap som fungerer som et godt styringsverkt\u00f8y slik at du kan drive virksomheten din mest mulig effektivt.<\/p>\n<p>Visjon uten handling er dagdr\u00f8mming. Handling uten visjon er et mareritt.<\/p>\n<p><strong>V\u00e5r klare m\u00e5lsetting for \u00e5 oppn\u00e5 dette er:<\/strong><\/p>\n<p>\u00e5 utarbeide og kvalitetssikre regnskaper som<\/p>\n<ul>\n<li>er korrekte,<\/li>\n<li>er \u00e0 jour, og<\/li>\n<li>skal kunne brukes aktivt som et styringsverkt\u00f8y<\/li>\n<\/ul>\n<p>&nbsp;<\/p>\n<p>Dette sikrer vi ved hjelp av konseptet v\u00e5rt: <a title=\"4K\" href=\"http:\/\/fettokonomi.no\/?page_id=70\">4K<\/a><\/p>\n<p style=\"text-align: right;\"><em><br \/>\n<\/em><\/p>\n<p>&nbsp;<\/p>\n<p><strong><br \/>\n<\/strong><\/p>\n","protected":false},"excerpt":{"rendered":"<p>V\u00e5r visjon er\u00a0\u00e5 v\u00e6re din st\u00f8ttespiller! \u00d8nsket mitt er at din kontaktperson hos Fett \u00d8konomi kan v\u00e6re en st\u00f8ttespiller for deg som bedriftsleder. Han eller hun skal s\u00f8rge for at du har et regnskap som fungerer som et godt styringsverkt\u00f8y slik at du kan drive virksomheten din mest mulig effektivt. Visjon uten handling er dagdr\u00f8mming. Handling uten visjon er et mareritt. V\u00e5r klare m\u00e5lsetting for \u00e5 oppn\u00e5 dette er: \u00e5 utarbeide og kvalitetssikre regnskaper som er korrekte, er \u00e0 jour, og skal kunne brukes aktivt [&#038;hellip<\/p>\n","protected":false},"author":6,"featured_media":0,"parent":0,"menu_order":0,"comment_status":"open","ping_status":"open","template":"","meta":[],"_links":{"self":[{"href":"https:\/\/fettokonomi.no\/index.php?rest_route=\/wp\/v2\/pages\/12"}],"collection":[{"href":"https:\/\/fettokonomi.no\/index.php?rest_route=\/wp\/v2\/pages"}],"about":[{"href":"https:\/\/fettokonomi.no\/index.php?rest_route=\/wp\/v2\/types\/page"}],"author":[{"embeddable":true,"href":"https:\/\/fettokonomi.no\/index.php?rest_route=\/wp\/v2\/users\/6"}],"replies":[{"embeddable":true,"href":"https:\/\/fettokonomi.no\/index.php?rest_route=%2Fwp%2Fv2%2Fcomments&post=12"}],"version-history":[{"count":29,"href":"https:\/\/fettokonomi.no\/index.php?rest_route=\/wp\/v2\/pages\/12\/revisions"}],"predecessor-version":[{"id":429,"href":"https:\/\/fettokonomi.no\/index.php?rest_route=\/wp\/v2\/pages\/12\/revisions\/429"}],"wp:attachment":[{"href":"https:\/\/fettokonomi.no\/index.php?rest_route=%2Fwp%2Fv2%2Fmedia&parent=12"}],"curies":[{"name":"wp","href":"https:\/\/api.w.org\/{rel}","templated":true}]}}